{"id":3038,"date":"2025-12-07T14:25:41","date_gmt":"2025-12-07T13:25:41","guid":{"rendered":"https:\/\/www.metabuild.de\/software-entwickler-rust-m-w-d\/"},"modified":"2025-12-07T14:25:41","modified_gmt":"2025-12-07T13:25:41","slug":"software-entwickler-rust-m-w-d","status":"publish","type":"page","link":"https:\/\/www.metabuild.de\/en\/careers\/software-entwickler-rust-m-w-d\/","title":{"rendered":"Software-Entwickler \u2013 Rust (m\/w\/d)"},"content":{"rendered":"<div class=\"block block--header  \" id=\"block_e89e4a86401a81cc1d559250b48e70ae\" data-id=\"\">\n\n\n\t<div class=\"container js-fade js-fade-in text left\">\n\n\t\t\t\t\n\t\t<div><p><a class=\"backlink\" href=\"https:\/\/www.metabuild.de\/karriere\/#jobs\">Alle Jobs<\/a><\/p>\n<h1>Rust Entwickler &#8211; Software Development (m\/w\/d)<\/h1>\n<\/div>\n\n\n\t\t\n\t<\/div>\n\n<\/div>\n\n<div class=\"container container--tile\"><div class=\"tile  object-fit-main none\" >\n\n<div class=\"block block--text  margin-bottom--big\" id=\"block_2e34d3f9fc8302cdebce453429c7a012\" data-id=\"\">\n\n\n\t<div class=\"text container  js-fade js-fade-in\">\n\n\t\t<h2>\u00dcber uns:<\/h2>\n<p>Metabuild ver\u00e4ndert die Art und Weise, wie Geb\u00e4ude gestaltet werden. Unsere cloud-basierte Software hilft Architekten und Immobilienentwicklern, mit Hilfe von Data Science und Simulationsalgorithmen bessere Geb\u00e4ude zu schaffen. Wir bieten eine Stelle f\u00fcr einen Rust-Developer in unserem Berliner B\u00fcro oder remote an.<\/p>\n<h2>Deine Aufgaben:<\/h2>\n<ul>\n<li>Du wirkst dabei mit, die Zukunft des computergest\u00fctzen Designs zu entwickeln.<\/li>\n<li>Designen und implementieren von Generative Design Algorithmn in Rust<\/li>\n<li>Entwickeln von grafischen Design Tools mit Rust und der Bevy Game Engine.<\/li>\n<li>Unterst\u00fctzung und Betreuung von Nachwuchskollegen<\/li>\n<\/ul>\n<h2>\u00dcber dich:<\/h2>\n<ul>\n<li>Erfahrung als Softwareentwickler in einem Unternehmen mit Produktentwicklungs-Schwerpunkt.<\/li>\n<li>F\u00e4higkeiten in der Nutzung von Versionierungssystemen wie Git.<\/li>\n<li>Erfahrungen mit der Programmiersprache Rust, zus\u00e4tzliche Erfahrung mit der Bevy Game Engine sind von Vorteil.<\/li>\n<li>Du sprichst flie\u00dfend Englisch (zus\u00e4tzliche Deutschkenntnisse sind von Vorteil).<\/li>\n<li>Qualit\u00e4t ist dein vorrangiger Anspruch und nicht erst der zweite Gedanke.<\/li>\n<\/ul>\n<h2>Deine Vorteile bei Metabuild:<\/h2>\n<ul>\n<li>Auf Wunsch Homeoffice \/ Remote-T\u00e4tigkeit m\u00f6glich.<\/li>\n<li>Vollzeit, Teilzeit oder 4-Tage-Woche m\u00f6glich.<\/li>\n<li>Du geh\u00f6rst einem leidenschaftlichen und internationalen Team an.<\/li>\n<li>Du hast eine abwechslungsreiche, spannende T\u00e4tigkeit mit flacher Hierarchie.<\/li>\n<li>Du wirst gewisserweise zum Klima-Aktivisten: Du setzt dich auf h\u00f6chsteffiziente Weise f\u00fcr Klimaneutralit\u00e4t ein und machst es einfach, nachhaltige Geb\u00e4ude zu planen.<\/li>\n<li>Attraktives Verg\u00fctungsmodell inkl. Bonus.<\/li>\n<\/ul>\n<h2>So bewirbst du dich:<\/h2>\n<p>Interessiert? Sende uns eine Mail mit deinem Lebenslauf und ein paar Zeilen \u00fcber dich (inklusive den Gehaltsvorstellungen) an: <a href=\"mailto:jobs@metabuild.de\">jobs@metabuild.de<\/a><\/p>\n<p><strong>Kontaktiere uns und erz\u00e4hle uns von dir!<\/strong><\/p>\n\n\t<\/div>\n\n<\/div>\n\n<div class=\"block block--text  none\" id=\"block_145e10a1a567b0e7e3ac721f2ec84ee2\" data-id=\"\">\n\n\n\t<div class=\"text container  js-fade js-fade-in\">\n\n\t\t<p>Alle Ausschreibungen sind geschlechtsneutral und implizieren sowohl die weibliche als auch die m\u00e4nnliche Form.<\/p>\n\n\t<\/div>\n\n<\/div>\n\n<\/div><\/div>","protected":false},"excerpt":{"rendered":"","protected":false},"author":2,"featured_media":0,"parent":3041,"menu_order":0,"comment_status":"closed","ping_status":"closed","template":"","meta":{"_acf_changed":false,"footnotes":""},"class_list":["post-3038","page","type-page","status-publish","hentry"],"acf":[],"yoast_head":"<!-- This site is optimized with the Yoast SEO plugin v26.6 - https:\/\/yoast.com\/wordpress\/plugins\/seo\/ -->\n<title>Software-Entwickler \u2013 Rust (m\/w\/d) &#8211; Metabuild<\/title>\n<meta name=\"robots\" content=\"index, follow, max-snippet:-1, max-image-preview:large, max-video-preview:-1\" \/>\n<link rel=\"canonical\" href=\"https:\/\/www.metabuild.de\/en\/software-entwickler-rust-m-w-d\/\" \/>\n<meta property=\"og:locale\" content=\"en_US\" \/>\n<meta property=\"og:type\" content=\"article\" \/>\n<meta property=\"og:title\" content=\"Software-Entwickler \u2013 Rust (m\/w\/d) &#8211; Metabuild\" \/>\n<meta property=\"og:url\" content=\"https:\/\/www.metabuild.de\/en\/software-entwickler-rust-m-w-d\/\" \/>\n<meta property=\"og:site_name\" content=\"Metabuild\" \/>\n<meta property=\"og:image\" content=\"https:\/\/www.metabuild.de\/wp-content\/uploads\/fallback.jpg\" \/>\n\t<meta property=\"og:image:width\" content=\"1200\" \/>\n\t<meta property=\"og:image:height\" content=\"675\" \/>\n\t<meta property=\"og:image:type\" content=\"image\/jpeg\" \/>\n<meta name=\"twitter:card\" content=\"summary_large_image\" \/>\n<script type=\"application\/ld+json\" class=\"yoast-schema-graph\">{\"@context\":\"https:\/\/schema.org\",\"@graph\":[{\"@type\":\"WebPage\",\"@id\":\"https:\/\/www.metabuild.de\/en\/software-entwickler-rust-m-w-d\/\",\"url\":\"https:\/\/www.metabuild.de\/en\/software-entwickler-rust-m-w-d\/\",\"name\":\"Software-Entwickler \u2013 Rust (m\/w\/d) &#8211; Metabuild\",\"isPartOf\":{\"@id\":\"https:\/\/www.metabuild.de\/#website\"},\"datePublished\":\"2025-12-07T13:25:41+00:00\",\"breadcrumb\":{\"@id\":\"https:\/\/www.metabuild.de\/en\/software-entwickler-rust-m-w-d\/#breadcrumb\"},\"inLanguage\":\"en-US\",\"potentialAction\":[{\"@type\":\"ReadAction\",\"target\":[\"https:\/\/www.metabuild.de\/en\/software-entwickler-rust-m-w-d\/\"]}]},{\"@type\":\"BreadcrumbList\",\"@id\":\"https:\/\/www.metabuild.de\/en\/software-entwickler-rust-m-w-d\/#breadcrumb\",\"itemListElement\":[{\"@type\":\"ListItem\",\"position\":1,\"name\":\"Start\",\"item\":\"https:\/\/www.metabuild.de\/en\/\"},{\"@type\":\"ListItem\",\"position\":2,\"name\":\"Software-Entwickler \u2013 Rust (m\/w\/d)\"}]},{\"@type\":\"WebSite\",\"@id\":\"https:\/\/www.metabuild.de\/#website\",\"url\":\"https:\/\/www.metabuild.de\/\",\"name\":\"Metabuild\",\"description\":\"\",\"publisher\":{\"@id\":\"https:\/\/www.metabuild.de\/#organization\"},\"potentialAction\":[{\"@type\":\"SearchAction\",\"target\":{\"@type\":\"EntryPoint\",\"urlTemplate\":\"https:\/\/www.metabuild.de\/?s={search_term_string}\"},\"query-input\":{\"@type\":\"PropertyValueSpecification\",\"valueRequired\":true,\"valueName\":\"search_term_string\"}}],\"inLanguage\":\"en-US\"},{\"@type\":\"Organization\",\"@id\":\"https:\/\/www.metabuild.de\/#organization\",\"name\":\"Metabuild GmbH\",\"url\":\"https:\/\/www.metabuild.de\/\",\"logo\":{\"@type\":\"ImageObject\",\"inLanguage\":\"en-US\",\"@id\":\"https:\/\/www.metabuild.de\/#\/schema\/logo\/image\/\",\"url\":\"https:\/\/www.metabuild.de\/wp-content\/uploads\/2025\/07\/logo.svg\",\"contentUrl\":\"https:\/\/www.metabuild.de\/wp-content\/uploads\/2025\/07\/logo.svg\",\"caption\":\"Metabuild GmbH\"},\"image\":{\"@id\":\"https:\/\/www.metabuild.de\/#\/schema\/logo\/image\/\"}}]}<\/script>\n<!-- \/ Yoast SEO plugin. -->","yoast_head_json":{"title":"Software-Entwickler \u2013 Rust (m\/w\/d) &#8211; Metabuild","robots":{"index":"index","follow":"follow","max-snippet":"max-snippet:-1","max-image-preview":"max-image-preview:large","max-video-preview":"max-video-preview:-1"},"canonical":"https:\/\/www.metabuild.de\/en\/software-entwickler-rust-m-w-d\/","og_locale":"en_US","og_type":"article","og_title":"Software-Entwickler \u2013 Rust (m\/w\/d) &#8211; Metabuild","og_url":"https:\/\/www.metabuild.de\/en\/software-entwickler-rust-m-w-d\/","og_site_name":"Metabuild","og_image":[{"width":1200,"height":675,"url":"https:\/\/www.metabuild.de\/wp-content\/uploads\/fallback.jpg","type":"image\/jpeg"}],"twitter_card":"summary_large_image","schema":{"@context":"https:\/\/schema.org","@graph":[{"@type":"WebPage","@id":"https:\/\/www.metabuild.de\/en\/software-entwickler-rust-m-w-d\/","url":"https:\/\/www.metabuild.de\/en\/software-entwickler-rust-m-w-d\/","name":"Software-Entwickler \u2013 Rust (m\/w\/d) &#8211; Metabuild","isPartOf":{"@id":"https:\/\/www.metabuild.de\/#website"},"datePublished":"2025-12-07T13:25:41+00:00","breadcrumb":{"@id":"https:\/\/www.metabuild.de\/en\/software-entwickler-rust-m-w-d\/#breadcrumb"},"inLanguage":"en-US","potentialAction":[{"@type":"ReadAction","target":["https:\/\/www.metabuild.de\/en\/software-entwickler-rust-m-w-d\/"]}]},{"@type":"BreadcrumbList","@id":"https:\/\/www.metabuild.de\/en\/software-entwickler-rust-m-w-d\/#breadcrumb","itemListElement":[{"@type":"ListItem","position":1,"name":"Start","item":"https:\/\/www.metabuild.de\/en\/"},{"@type":"ListItem","position":2,"name":"Software-Entwickler \u2013 Rust (m\/w\/d)"}]},{"@type":"WebSite","@id":"https:\/\/www.metabuild.de\/#website","url":"https:\/\/www.metabuild.de\/","name":"Metabuild","description":"","publisher":{"@id":"https:\/\/www.metabuild.de\/#organization"},"potentialAction":[{"@type":"SearchAction","target":{"@type":"EntryPoint","urlTemplate":"https:\/\/www.metabuild.de\/?s={search_term_string}"},"query-input":{"@type":"PropertyValueSpecification","valueRequired":true,"valueName":"search_term_string"}}],"inLanguage":"en-US"},{"@type":"Organization","@id":"https:\/\/www.metabuild.de\/#organization","name":"Metabuild GmbH","url":"https:\/\/www.metabuild.de\/","logo":{"@type":"ImageObject","inLanguage":"en-US","@id":"https:\/\/www.metabuild.de\/#\/schema\/logo\/image\/","url":"https:\/\/www.metabuild.de\/wp-content\/uploads\/2025\/07\/logo.svg","contentUrl":"https:\/\/www.metabuild.de\/wp-content\/uploads\/2025\/07\/logo.svg","caption":"Metabuild GmbH"},"image":{"@id":"https:\/\/www.metabuild.de\/#\/schema\/logo\/image\/"}}]}},"_links":{"self":[{"href":"https:\/\/www.metabuild.de\/en\/wp-json\/wp\/v2\/pages\/3038","targetHints":{"allow":["GET"]}}],"collection":[{"href":"https:\/\/www.metabuild.de\/en\/wp-json\/wp\/v2\/pages"}],"about":[{"href":"https:\/\/www.metabuild.de\/en\/wp-json\/wp\/v2\/types\/page"}],"author":[{"embeddable":true,"href":"https:\/\/www.metabuild.de\/en\/wp-json\/wp\/v2\/users\/2"}],"replies":[{"embeddable":true,"href":"https:\/\/www.metabuild.de\/en\/wp-json\/wp\/v2\/comments?post=3038"}],"version-history":[{"count":0,"href":"https:\/\/www.metabuild.de\/en\/wp-json\/wp\/v2\/pages\/3038\/revisions"}],"up":[{"embeddable":true,"href":"https:\/\/www.metabuild.de\/en\/wp-json\/wp\/v2\/pages\/3041"}],"wp:attachment":[{"href":"https:\/\/www.metabuild.de\/en\/wp-json\/wp\/v2\/media?parent=3038"}],"curies":[{"name":"wp","href":"https:\/\/api.w.org\/{rel}","templated":true}]}}